{"id":845,"date":"2020-05-31T08:52:29","date_gmt":"2020-05-31T06:52:29","guid":{"rendered":"https:\/\/www.kornblume-potsdam.de\/?page_id=845"},"modified":"2025-01-04T13:52:38","modified_gmt":"2025-01-04T12:52:38","slug":"buchung","status":"publish","type":"page","link":"https:\/\/www.kornblume-potsdam.de\/fr\/buchung\/","title":{"rendered":"R\u00e9servation"},"content":{"rendered":"<div class=\"wp-block-image\">\n<figure class=\"aligncenter size-large\"><img loading=\"lazy\" decoding=\"async\" width=\"500\" height=\"748\" src=\"https:\/\/www.kornblume-potsdam.de\/wp-content\/uploads\/2020\/05\/Hebbelstra\u00dfe-LTU14116.png\" alt=\"Hebbelstra\u00dfe 56, Umfeld\" class=\"wp-image-849\" srcset=\"https:\/\/www.kornblume-potsdam.de\/wp-content\/uploads\/2020\/05\/Hebbelstra\u00dfe-LTU14116.png 500w, https:\/\/www.kornblume-potsdam.de\/wp-content\/uploads\/2020\/05\/Hebbelstra\u00dfe-LTU14116-201x300.png 201w, https:\/\/www.kornblume-potsdam.de\/wp-content\/uploads\/2020\/05\/Hebbelstra\u00dfe-LTU14116-134x200.png 134w, https:\/\/www.kornblume-potsdam.de\/wp-content\/uploads\/2020\/05\/Hebbelstra\u00dfe-LTU14116-401x600.png 401w\" sizes=\"auto, (max-width: 500px) 100vw, 500px\"><\/figure>\n<\/div>\n\n\n<h2 class=\"wp-block-heading\">Prix<\/h2>\n\n\n\n<p>L\u2019appartement dis\u00adpo\u00adse d\u2019un lit dou\u00adble pour deux adul\u00adtes et d\u2019un cana\u00adp\u00e9 con\u00adver\u00adti\u00adble pour deux per\u00adson\u00adnes. Un lit de voya\u00adge pour b\u00e9b\u00e9 (60&nbsp;cm \u00e0 1,20&nbsp;m) et une chai\u00adse hau\u00adte sont dis\u00adpo\u00adni\u00adbles gra\u00adtui\u00adte\u00adment sur demande.<\/p>\n\n\n\n<figure class=\"wp-block-table is-style-regular\"><table><tbody><tr><td><\/td><td class=\"has-text-align-right\" data-align=\"right\">prix HT<\/td><td class=\"has-text-align-right\" data-align=\"right\">TVA 7&nbsp;%<\/td><td class=\"has-text-align-right\" data-align=\"right\"><strong>prix TTC<\/strong><\/td><\/tr><tr><td>Par nui\u00adt\u00e9e, 1 \u00e0 4 personnes*<\/td><td class=\"has-text-align-right\" data-align=\"right\">135,51<\/td><td class=\"has-text-align-right\" data-align=\"right\">9,49<\/td><td class=\"has-text-align-right\" data-align=\"right\"><strong>145<\/strong><\/td><\/tr><tr><td>Par semaine, 1 \u00e0 4 personnes*<\/td><td class=\"has-text-align-right\" data-align=\"right\">813,08<\/td><td class=\"has-text-align-right\" data-align=\"right\">56,92<\/td><td class=\"has-text-align-right\" data-align=\"right\"><strong>870<\/strong><\/td><\/tr><tr><td>Lin\u00adge, par per\u00adson\u00adne et par s\u00e9jour<\/td><td class=\"has-text-align-right\" data-align=\"right\">9,35<\/td><td class=\"has-text-align-right\" data-align=\"right\">0,65<\/td><td class=\"has-text-align-right\" data-align=\"right\"><strong>10<\/strong><\/td><\/tr><tr><td>S\u00e9jour mini\u00admum&nbsp;: 3 nuit\u00e9es&nbsp;<\/td><td class=\"has-text-align-right\" data-align=\"right\"><\/td><td class=\"has-text-align-right\" data-align=\"right\"><\/td><td class=\"has-text-align-right\" data-align=\"right\"><\/td><\/tr><tr><td>Acomp\u00adte 20&nbsp;% du prix total, le reste \u00e0 l\u2019arriv\u00e9e<\/td><td class=\"has-text-align-right\" data-align=\"right\"><\/td><td class=\"has-text-align-right\" data-align=\"right\"><\/td><td class=\"has-text-align-right\" data-align=\"right\"><\/td><\/tr><tr><td>Cau\u00adti\u00adon<\/td><td class=\"has-text-align-right\" data-align=\"right\"><\/td><td class=\"has-text-align-right\" data-align=\"right\"><\/td><td class=\"has-text-align-right\" data-align=\"right\">200<\/td><\/tr><tr><td>J\u2019accepte les vire\u00adments ban\u00adcai\u00adres et les pai\u00adements en esp\u00e8ces<\/td><td class=\"has-text-align-right\" data-align=\"right\"><\/td><td class=\"has-text-align-right\" data-align=\"right\"><\/td><td class=\"has-text-align-right\" data-align=\"right\"><\/td><\/tr><\/tbody><\/table><\/figure>\n\n\n\n<p class=\"has-small-font-size\">* inclut le net\u00adto\u00adya\u00adge final obli\u00adga\u00adtoire<br>  TVA : 7&nbsp;% de Taxe sur la valeur ajou\u00adt\u00e9e<br>  5% de taxe muni\u00adci\u00adpa\u00adle sur les nui\u00adt\u00e9es sera d\u00e9duite du mon\u00adtant&nbsp;net.<\/p>\n\n\n\n<p> Les prix indi\u00adqu\u00e9s sont tous en euros. Le prix indi\u00adqu\u00e9 dans le tableau est d\u00e9terminant.<\/p>\n\n\n\n<h2 class=\"wp-block-heading\">Annulation<\/h2>\n\n\n\n<p>En cas d\u2019annulation, une par\u00adtie du prix de la loca\u00adti\u00adon est due si l\u2019appartement ne peut plus \u00eatre lou\u00e9 \u00e0 une aut\u00adre per\u00adson\u00adne jusqu\u2019au d\u00e9but de la loca\u00adti\u00adon r\u00e9serv\u00e9e.<\/p>\n\n\n\n<figure class=\"wp-block-table\"><table><tbody><tr><td><strong>D\u00e9lai de location<\/strong><\/td><td><strong>loyer pro\u00adpor\u00adti\u00adon\u00adnel \u00e0&nbsp;payer<\/strong><\/td><\/tr><tr><td>jusqu\u2019\u00e0 30&nbsp;jours<\/td><td>rien<\/td><\/tr><tr><td>ent\u00adre 30 et 21&nbsp;jours<\/td><td>30&nbsp;%<\/td><\/tr><tr><td>ent\u00adre 20 et 14&nbsp;jours<\/td><td>50&nbsp;%<\/td><\/tr><tr><td>ent\u00adre 13 et 7&nbsp;jours<\/td><td>80&nbsp;%<\/td><\/tr><tr><td>plus tard que 7&nbsp;jours<\/td><td>tout<\/td><\/tr><\/tbody><\/table><\/figure>\n\n\n\n<h2 class=\"wp-block-heading\"> <strong>Disponibilit\u00e9<\/strong><\/h2>\n\n\n\n\t\t\t\t<div class=\"abc-singlecalendar\" data-checkin-69fa15b9c264f=\"0\" data-offset-69fa15b9c264f=\"0\" data-month-69fa15b9c264f=\"0\" id=\"abc_singlecalendar_69fa15b9c264f\">\n\t\t\t\t\t<div class=\"abc-box abc-single-row\">\n\t\t\t\t\t\t<div data-calendar=\"1\" data-id=\"69fa15b9c264f\" class=\"abc-box abc-button abc-single-button-left\">\n\t\t\t\t\t\t\t<button class=\"fa fa-chevron-left abc-button-rl\"><\/button>\n\t\t\t\t\t\t<\/div>\n\t\t\t\t\t\t<div class=\"abc-box abc-month\">\n\t\t\t\t\t\t\t<img decoding=\"async\" alt=\"\u00c7a charge...\" src=\"https:\/\/www.kornblume-potsdam.de\/wp-admin\/images\/wpspin_light.gif\" class=\"waiting\" id=\"abc_single_loading-69fa15b9c264f\" style=\"display:none\"><span id=\"singlecalendar-month-69fa15b9c264f\">mai 2026<\/span><\/div>\n\t\t\t\t\t\t\t<div data-calendar=\"1\" data-id=\"69fa15b9c264f\" class=\"abc-box abc-button abc-single-button-right\">\n\t\t\t\t\t\t\t\t<button class=\"fa fa-chevron-right abc-button-rl\"><\/button>\n\t\t\t\t\t\t<\/div>\n\t\t\t\t\t<\/div>\n\t\t\t\t\t<div class=\"abc-box abc-single-row\">\n\t\t\t\t\t<div class=\"abc-box abc-col-day abc-dayname\">Lun<\/div>\n\t\t\t\t\t<div class=\"abc-box abc-col-day abc-dayname abc-dotted\">Mar<\/div>\n\t\t\t\t\t<div class=\"abc-box abc-col-day abc-dayname abc-dotted\">Mer<\/div>\n\t\t\t\t\t<div class=\"abc-box abc-col-day abc-dayname abc-dotted\">Jeu<\/div>\n\t\t\t\t\t<div class=\"abc-box abc-col-day abc-dayname abc-dotted\">Ven<\/div>\n\t\t\t\t\t<div class=\"abc-box abc-col-day abc-dayname abc-dotted\">Sam<\/div>\n\t\t\t\t\t<div class=\"abc-box abc-col-day abc-dayname abc-dotted\">Dim<\/div>\n\t\t\t\t\t<\/div>\n\t\t\t\t\t<div id=\"abc-calendar-days-69fa15b9c264f\">\n\t\t\t\t\t\t<div class=\"abc-box abc-single-row\"><div class=\"abc-box abc-col-day \">&nbsp;<\/div><div class=\"abc-box abc-col-day abc-dotted \">&nbsp;<\/div><div class=\"abc-box abc-col-day abc-dotted \">&nbsp;<\/div><div class=\"abc-box abc-col-day abc-dotted \">&nbsp;<\/div><div title=\"Date de d\u00e9part\" data-calendar=\"1\" data-id=\"69fa15b9c264f\" data-date=\"2026-05-01\" class=\"abc-box abc-col-day abc-dotted abc-avail-booked abc-past abc-date-item \" id=\"abc-day-69fa15b9c264f2026-05-01\">1<br><span class=\"abc-single-price\">&nbsp;<\/span><\/div><div title=\"Fully booked\" data-calendar=\"1\" data-id=\"69fa15b9c264f\" data-date=\"2026-05-02\" class=\"abc-box abc-col-day abc-dotted abc-booked abc-date-item \" id=\"abc-day-69fa15b9c264f2026-05-02\">2<br><span class=\"abc-single-price\">&nbsp;<\/span><\/div><div title=\"Available:\n03.05.2026: 145 \u20ac\" data-calendar=\"1\" data-id=\"69fa15b9c264f\" data-date=\"2026-05-03\" class=\"abc-box abc-col-day abc-dotted abc-booked-avail abc-past abc-date-item \" id=\"abc-day-69fa15b9c264f2026-05-03\">3<br><span class=\"abc-single-price\">145&nbsp;\u20ac<\/span><\/div><\/div><div class=\"abc-box abc-single-row\"><div title=\"Available:\n04.05.2026: 145 \u20ac\" data-calendar=\"1\" data-id=\"69fa15b9c264f\" data-date=\"2026-05-04\" class=\"abc-box abc-col-day abc-avail abc-past abc-date-item \" id=\"abc-day-69fa15b9c264f2026-05-04\">4<br><span class=\"abc-single-price\">145&nbsp;\u20ac<\/span><\/div><div title=\"Available:\n05.05.2026: 145 \u20ac\" data-calendar=\"1\" data-id=\"69fa15b9c264f\" data-date=\"2026-05-05\" class=\"abc-box abc-col-day abc-dotted abc-avail abc-date-selector abc-date-item \" id=\"abc-day-69fa15b9c264f2026-05-05\">5<br><span class=\"abc-single-price\">145&nbsp;\u20ac<\/span><\/div><div title=\"Available:\n06.05.2026: 145 \u20ac\" data-calendar=\"1\" data-id=\"69fa15b9c264f\" data-date=\"2026-05-06\" class=\"abc-box abc-col-day abc-dotted abc-avail abc-date-selector abc-date-item \" id=\"abc-day-69fa15b9c264f2026-05-06\">6<br><span class=\"abc-single-price\">145&nbsp;\u20ac<\/span><\/div><div title=\"Available:\n07.05.2026: 145 \u20ac\" data-calendar=\"1\" data-id=\"69fa15b9c264f\" data-date=\"2026-05-07\" class=\"abc-box abc-col-day abc-dotted abc-avail abc-date-selector abc-date-item \" id=\"abc-day-69fa15b9c264f2026-05-07\">7<br><span class=\"abc-single-price\">145&nbsp;\u20ac<\/span><\/div><div title=\"Available:\n08.05.2026: 145 \u20ac\" data-calendar=\"1\" data-id=\"69fa15b9c264f\" data-date=\"2026-05-08\" class=\"abc-box abc-col-day abc-dotted abc-avail abc-date-selector abc-date-item \" id=\"abc-day-69fa15b9c264f2026-05-08\">8<br><span class=\"abc-single-price\">145&nbsp;\u20ac<\/span><\/div><div title=\"Available:\n09.05.2026: 145 \u20ac\" data-calendar=\"1\" data-id=\"69fa15b9c264f\" data-date=\"2026-05-09\" class=\"abc-box abc-col-day abc-dotted abc-avail abc-date-selector abc-date-item \" id=\"abc-day-69fa15b9c264f2026-05-09\">9<br><span class=\"abc-single-price\">145&nbsp;\u20ac<\/span><\/div><div title=\"Available:\n10.05.2026: 145 \u20ac\" data-calendar=\"1\" data-id=\"69fa15b9c264f\" data-date=\"2026-05-10\" class=\"abc-box abc-col-day abc-dotted abc-avail abc-date-selector abc-date-item \" id=\"abc-day-69fa15b9c264f2026-05-10\">10<br><span class=\"abc-single-price\">145&nbsp;\u20ac<\/span><\/div><\/div><div class=\"abc-box abc-single-row\"><div title=\"Available:\n11.05.2026: 145 \u20ac\" data-calendar=\"1\" data-id=\"69fa15b9c264f\" data-date=\"2026-05-11\" class=\"abc-box abc-col-day abc-avail abc-date-selector abc-date-item \" id=\"abc-day-69fa15b9c264f2026-05-11\">11<br><span class=\"abc-single-price\">145&nbsp;\u20ac<\/span><\/div><div title=\"Available:\n12.05.2026: 145 \u20ac\" data-calendar=\"1\" data-id=\"69fa15b9c264f\" data-date=\"2026-05-12\" class=\"abc-box abc-col-day abc-dotted abc-avail abc-date-selector abc-date-item \" id=\"abc-day-69fa15b9c264f2026-05-12\">12<br><span class=\"abc-single-price\">145&nbsp;\u20ac<\/span><\/div><div title=\"Available:\n13.05.2026: 145 \u20ac\" data-calendar=\"1\" data-id=\"69fa15b9c264f\" data-date=\"2026-05-13\" class=\"abc-box abc-col-day abc-dotted abc-avail abc-date-selector abc-date-item \" id=\"abc-day-69fa15b9c264f2026-05-13\">13<br><span class=\"abc-single-price\">145&nbsp;\u20ac<\/span><\/div><div title=\"Date de d\u00e9part\" data-calendar=\"1\" data-id=\"69fa15b9c264f\" data-date=\"2026-05-14\" class=\"abc-box abc-col-day abc-dotted abc-avail-booked abc-date-selector abc-date-item \" id=\"abc-day-69fa15b9c264f2026-05-14\">14<br><span class=\"abc-single-price\">&nbsp;<\/span><\/div><div title=\"Fully booked\" data-calendar=\"1\" data-id=\"69fa15b9c264f\" data-date=\"2026-05-15\" class=\"abc-box abc-col-day abc-dotted abc-booked abc-date-item \" id=\"abc-day-69fa15b9c264f2026-05-15\">15<br><span class=\"abc-single-price\">&nbsp;<\/span><\/div><div title=\"Fully booked\" data-calendar=\"1\" data-id=\"69fa15b9c264f\" data-date=\"2026-05-16\" class=\"abc-box abc-col-day abc-dotted abc-booked abc-date-item \" id=\"abc-day-69fa15b9c264f2026-05-16\">16<br><span class=\"abc-single-price\">&nbsp;<\/span><\/div><div title=\"Available:\n17.05.2026: 145 \u20ac\" data-calendar=\"1\" data-id=\"69fa15b9c264f\" data-date=\"2026-05-17\" class=\"abc-box abc-col-day abc-dotted abc-booked-avail abc-date-selector abc-date-item \" id=\"abc-day-69fa15b9c264f2026-05-17\">17<br><span class=\"abc-single-price\">145&nbsp;\u20ac<\/span><\/div><\/div><div class=\"abc-box abc-single-row\"><div title=\"Available:\n18.05.2026: 145 \u20ac\" data-calendar=\"1\" data-id=\"69fa15b9c264f\" data-date=\"2026-05-18\" class=\"abc-box abc-col-day abc-avail abc-date-selector abc-date-item \" id=\"abc-day-69fa15b9c264f2026-05-18\">18<br><span class=\"abc-single-price\">145&nbsp;\u20ac<\/span><\/div><div title=\"Available:\n19.05.2026: 145 \u20ac\" data-calendar=\"1\" data-id=\"69fa15b9c264f\" data-date=\"2026-05-19\" class=\"abc-box abc-col-day abc-dotted abc-avail abc-date-selector abc-date-item \" id=\"abc-day-69fa15b9c264f2026-05-19\">19<br><span class=\"abc-single-price\">145&nbsp;\u20ac<\/span><\/div><div title=\"Available:\n20.05.2026: 145 \u20ac\" data-calendar=\"1\" data-id=\"69fa15b9c264f\" data-date=\"2026-05-20\" class=\"abc-box abc-col-day abc-dotted abc-avail abc-date-selector abc-date-item \" id=\"abc-day-69fa15b9c264f2026-05-20\">20<br><span class=\"abc-single-price\">145&nbsp;\u20ac<\/span><\/div><div title=\"Date de d\u00e9part\" data-calendar=\"1\" data-id=\"69fa15b9c264f\" data-date=\"2026-05-21\" class=\"abc-box abc-col-day abc-dotted abc-avail-booked abc-date-selector abc-date-item \" id=\"abc-day-69fa15b9c264f2026-05-21\">21<br><span class=\"abc-single-price\">&nbsp;<\/span><\/div><div title=\"Fully booked\" data-calendar=\"1\" data-id=\"69fa15b9c264f\" data-date=\"2026-05-22\" class=\"abc-box abc-col-day abc-dotted abc-booked abc-date-item \" id=\"abc-day-69fa15b9c264f2026-05-22\">22<br><span class=\"abc-single-price\">&nbsp;<\/span><\/div><div title=\"Fully booked\" data-calendar=\"1\" data-id=\"69fa15b9c264f\" data-date=\"2026-05-23\" class=\"abc-box abc-col-day abc-dotted abc-booked abc-date-item \" id=\"abc-day-69fa15b9c264f2026-05-23\">23<br><span class=\"abc-single-price\">&nbsp;<\/span><\/div><div title=\"Fully booked\" data-calendar=\"1\" data-id=\"69fa15b9c264f\" data-date=\"2026-05-24\" class=\"abc-box abc-col-day abc-dotted abc-booked abc-date-item \" id=\"abc-day-69fa15b9c264f2026-05-24\">24<br><span class=\"abc-single-price\">&nbsp;<\/span><\/div><\/div><div class=\"abc-box abc-single-row\"><div title=\"Available:\n25.05.2026: 145 \u20ac\" data-calendar=\"1\" data-id=\"69fa15b9c264f\" data-date=\"2026-05-25\" class=\"abc-box abc-col-day abc-booked-avail abc-date-selector abc-date-item \" id=\"abc-day-69fa15b9c264f2026-05-25\">25<br><span class=\"abc-single-price\">145&nbsp;\u20ac<\/span><\/div><div title=\"Available:\n26.05.2026: 145 \u20ac\" data-calendar=\"1\" data-id=\"69fa15b9c264f\" data-date=\"2026-05-26\" class=\"abc-box abc-col-day abc-dotted abc-avail abc-date-selector abc-date-item \" id=\"abc-day-69fa15b9c264f2026-05-26\">26<br><span class=\"abc-single-price\">145&nbsp;\u20ac<\/span><\/div><div title=\"Available:\n27.05.2026: 145 \u20ac\" data-calendar=\"1\" data-id=\"69fa15b9c264f\" data-date=\"2026-05-27\" class=\"abc-box abc-col-day abc-dotted abc-avail abc-date-selector abc-date-item \" id=\"abc-day-69fa15b9c264f2026-05-27\">27<br><span class=\"abc-single-price\">145&nbsp;\u20ac<\/span><\/div><div title=\"Available:\n28.05.2026: 145 \u20ac\" data-calendar=\"1\" data-id=\"69fa15b9c264f\" data-date=\"2026-05-28\" class=\"abc-box abc-col-day abc-dotted abc-avail abc-date-selector abc-date-item \" id=\"abc-day-69fa15b9c264f2026-05-28\">28<br><span class=\"abc-single-price\">145&nbsp;\u20ac<\/span><\/div><div title=\"Available:\n29.05.2026: 145 \u20ac\" data-calendar=\"1\" data-id=\"69fa15b9c264f\" data-date=\"2026-05-29\" class=\"abc-box abc-col-day abc-dotted abc-avail abc-date-selector abc-date-item \" id=\"abc-day-69fa15b9c264f2026-05-29\">29<br><span class=\"abc-single-price\">145&nbsp;\u20ac<\/span><\/div><div title=\"Available:\n30.05.2026: 145 \u20ac\" data-calendar=\"1\" data-id=\"69fa15b9c264f\" data-date=\"2026-05-30\" class=\"abc-box abc-col-day abc-dotted abc-avail abc-date-selector abc-date-item \" id=\"abc-day-69fa15b9c264f2026-05-30\">30<br><span class=\"abc-single-price\">145&nbsp;\u20ac<\/span><\/div><div title=\"Available:\n31.05.2026: 145 \u20ac\" data-calendar=\"1\" data-id=\"69fa15b9c264f\" data-date=\"2026-05-31\" class=\"abc-box abc-col-day abc-dotted abc-avail abc-date-selector abc-date-item \" id=\"abc-day-69fa15b9c264f2026-05-31\">31<br><span class=\"abc-single-price\">145&nbsp;\u20ac<\/span><\/div><\/div>\n\t\t\t\t\t<\/div><div id=\"abc-booking-69fa15b9c264f\" class=\"abc-booking-selection\">\n\t\t\t\t\t<\/div>\n\t\t\t\t<\/div>\n\n\n\n<h2 class=\"wp-block-heading\"> <strong>Demande de r\u00e9servation<\/strong><\/h2>\n\n\n\n<div id=\"buchungsformular\" class=\"wp-block-abc-shortcodes-booking-form\">\n\t<!-- Advanced Booking Calendar Booking Form - https:\/\/booking-calendar-plugin.com -->\n\t\n\t<div id=\"abc-form-wrapper\">\n\t\t<img decoding=\"async\" alt=\"\u00c7a charge...\" src=\"https:\/\/www.kornblume-potsdam.de\/wp-admin\/images\/wpspin_light.gif\" align=\"middle\" class=\"waiting\" id=\"abc_bookinform_loading\" style=\"display:none\">\n\t\t<div id=\"abc-form-content\">\n\t\t\t<div class=\"abc-column\">\n\t\t\t\t<form class=\"abc-form\" method=\"post\">\n\t\t\t\t\t<label for=\"abc-from\">Date d'arriv\u00e9e<\/label>\n\t\t\t\t\t<div class=\"abc-input-fa\">\n\t\t\t\t\t\t<span class=\"fa fa-calendar\"><\/span>\n\t\t\t\t\t\t<input id=\"abc-from\" name=\"abc-from\" class=\"abc-from\" readonly=\"true\" value>\n\t\t\t\t\t<\/div>\n\t\t\t\t\t<label for=\"abc-to\">Date de d\u00e9part<\/label>\n\t\t\t\t\t<div class=\"abc-input-fa\">\n\t\t\t\t\t\t<span class=\"fa fa-calendar\"><\/span>\n\t\t\t\t\t\t<input id=\"abc-to\" name=\"abc-to\" class=\"abc-to\" readonly=\"true\" value>\n\t\t\t\t\t<\/div>\n\t\t\t<\/form><\/div>\n\t\t\t<div class=\"abc-column abc-form\">\n\t\t\t\t\t<label for=\"abc-persons\">Nbre de personnes<\/label>\n\t\t\t\t\t\t<div class=\"abc-input-fa\">\n\t\t\t\t\t\t\t<span class=\"fa fa-female abc-guest1\"><\/span>\n\t\t\t\t\t\t\t<span class=\"fa fa-male abc-guest2\"><\/span>\n\t\t\t\t\t\t\t<select id=\"abc-persons\" name=\"abc-persons\">\n\t\t\t\t\t\t\t\t<option value=\"1\" selected>1<\/option><option value=\"2\">2<\/option><option value=\"3\">3<\/option><option value=\"4\">4<\/option>\n\t\t\t\t\t\t\t<\/select>\n\t\t\t\t\t\t<\/div>\n\t\t\t\t\t<input id=\"abcPostTrigger\" type=\"hidden\" name=\"abcPostTrigger\" value=\"0\">\n\t\t\t\t\t<input id=\"abcPostCalendarId\" type=\"hidden\" name=\"abcPostCalendarId\" value=\"undefined\">\n\t\t\t\t\n\t\t\t<\/div>\n\t\t\t<div class=\"abc-form-row\">\n\t\t\t\t<button class=\"abc-submit\" id=\"abc-check-availabilities\"><span id=\"abc-submit-button\" class=\"abc-submit-text\">Choisissez les disponibilit\u00e9s<\/span><span class=\"abc-submit-loading\">\u00c7a charge...<\/span><\/button>\n\t\t\t\t<button class=\"abc-submit\" id=\"abc-back-to-availabilities\" style=\"display: none;\"><span class=\"abc-submit-text\">Affichez<\/span><\/button>\n\t\t\t<\/div>\n\t\t\t\t\t\t\n\t\t\t<div id=\"abc-bookingresults\"><\/div>\n\t\t<\/div>\n\t<\/div>\n\t\t<\/div>\n\n\n\n<p><\/p>\n","protected":false},"excerpt":{"rendered":"<p>Prix L\u2019appartement dis\u00adpo\u00adse d\u2019un lit dou\u00adble pour deux adul\u00adtes et d\u2019un cana\u00adp\u00e9 con\u00adver\u00adti\u00adble pour deux per\u00adson\u00adnes. Un lit de voya\u00adge pour b\u00e9b\u00e9 (60&nbsp;cm \u00e0 1,20&nbsp;m) et une chai\u00adse hau\u00adte sont dis\u00adpo\u00adni\u00adbles gra\u00adtui\u00adte\u00adment sur deman\u00adde. prix HT TVA 7&nbsp;% prix TTC Par nui\u00adt\u00e9e, 1 \u00e0 4 per\u00adson\u00adnes* 135,51 9,49 145 Par semaine, 1 \u00e0 4 personnes*\u2026<\/p>\n","protected":false},"author":1,"featured_media":0,"parent":0,"menu_order":0,"comment_status":"closed","ping_status":"closed","template":"","meta":{"wp_typography_post_enhancements_disabled":false,"footnotes":""},"class_list":["post-845","page","type-page","status-publish","hentry"],"_links":{"self":[{"href":"https:\/\/www.kornblume-potsdam.de\/fr\/wp-json\/wp\/v2\/pages\/845","targetHints":{"allow":["GET"]}}],"collection":[{"href":"https:\/\/www.kornblume-potsdam.de\/fr\/wp-json\/wp\/v2\/pages"}],"about":[{"href":"https:\/\/www.kornblume-potsdam.de\/fr\/wp-json\/wp\/v2\/types\/page"}],"author":[{"embeddable":true,"href":"https:\/\/www.kornblume-potsdam.de\/fr\/wp-json\/wp\/v2\/users\/1"}],"replies":[{"embeddable":true,"href":"https:\/\/www.kornblume-potsdam.de\/fr\/wp-json\/wp\/v2\/comments?post=845"}],"version-history":[{"count":67,"href":"https:\/\/www.kornblume-potsdam.de\/fr\/wp-json\/wp\/v2\/pages\/845\/revisions"}],"predecessor-version":[{"id":1044,"href":"https:\/\/www.kornblume-potsdam.de\/fr\/wp-json\/wp\/v2\/pages\/845\/revisions\/1044"}],"wp:attachment":[{"href":"https:\/\/www.kornblume-potsdam.de\/fr\/wp-json\/wp\/v2\/media?parent=845"}],"curies":[{"name":"wp","href":"https:\/\/api.w.org\/{rel}","templated":true}]}}