

{"id":302,"date":"2020-02-09T09:11:40","date_gmt":"2020-02-09T08:11:40","guid":{"rendered":"http:\/\/www.kornblume-potsdam.de\/?page_id=302"},"modified":"2021-06-23T15:39:48","modified_gmt":"2021-06-23T13:39:48","slug":"herzlich-willkommen","status":"publish","type":"page","link":"https:\/\/www.kornblume-potsdam.de\/fr\/","title":{"rendered":"Bienvenue"},"content":{"rendered":"<ul class=\"wpm-language-switcher wpm-switcher-dropdown\">\n\t<li class=\"wpm-item-language-main wpm-item-language-fr\">\n\t\t\t\t<span>\n\t\t\t\t\t\t\t\t\t\t\t<img decoding=\"async\" src=\"https:\/\/www.kornblume-potsdam.de\/wp-content\/plugins\/wp-multilang\/flags\/fr.png\" alt=\"fran\u00e7ais\">\n\t\t\t\t\t\t\t\t\t\t\t\t\t\t\t\t<span>fran\u00ad\u00e7ais<\/span>\n\t\t\t\t\t\t\t\t\t<\/span>\n\t\t<ul class=\"wpm-language-dropdown\">\n\t\t\t\t\t\t\t<li class=\"wpm-item-language-de\">\n\t\t\t\t\t<a href=\"https:\/\/www.kornblume-potsdam.de\/wp-json\/wp\/v2\/pages\/302\" data-lang=\"de\">\n\t\t\t\t\t\t\t\t\t\t\t\t\t<img decoding=\"async\" src=\"https:\/\/www.kornblume-potsdam.de\/wp-content\/plugins\/wp-multilang\/flags\/de.png\" alt=\"deutsch\">\n\t\t\t\t\t\t\t\t\t\t\t\t\t\t\t\t\t\t\t<span>deutsch<\/span>\n\t\t\t\t\t\t\t\t\t\t\t<\/a>\n\t\t\t\t<\/li>\n\t\t\t\t\t\t\t<li class=\"wpm-item-language-en\">\n\t\t\t\t\t<a href=\"https:\/\/www.kornblume-potsdam.de\/en\/wp-json\/wp\/v2\/pages\/302\" data-lang=\"en\">\n\t\t\t\t\t\t\t\t\t\t\t\t\t<img decoding=\"async\" src=\"https:\/\/www.kornblume-potsdam.de\/wp-content\/plugins\/wp-multilang\/flags\/en.png\" alt=\"English\">\n\t\t\t\t\t\t\t\t\t\t\t\t\t\t\t\t\t\t\t<span>Eng\u00adlish<\/span>\n\t\t\t\t\t\t\t\t\t\t\t<\/a>\n\t\t\t\t<\/li>\n\t\t\t\t\t<\/ul>\n\t<\/li>\n<\/ul>\n\n\n\n\n<div class=\"wp-block-image\"><figure class=\"aligncenter size-large\"><img loading=\"lazy\" decoding=\"async\" width=\"500\" height=\"938\" src=\"https:\/\/www.kornblume-potsdam.de\/wp-content\/uploads\/2020\/03\/Fassade-schr\u00e4g-LTU14054-1.png\" alt=\"Ferienwohnung Kornblume\" class=\"wp-image-759\" srcset=\"https:\/\/www.kornblume-potsdam.de\/wp-content\/uploads\/2020\/03\/Fassade-schr\u00e4g-LTU14054-1.png 500w, https:\/\/www.kornblume-potsdam.de\/wp-content\/uploads\/2020\/03\/Fassade-schr\u00e4g-LTU14054-1-160x300.png 160w, https:\/\/www.kornblume-potsdam.de\/wp-content\/uploads\/2020\/03\/Fassade-schr\u00e4g-LTU14054-1-107x200.png 107w, https:\/\/www.kornblume-potsdam.de\/wp-content\/uploads\/2020\/03\/Fassade-schr\u00e4g-LTU14054-1-320x600.png 320w\" sizes=\"auto, (max-width: 500px) 100vw, 500px\"><\/figure><\/div>\n\n\n\n<p>Bien\u00adve\u00adnue sur le site de l\u2019appartement de vacan\u00adces <em>Korn\u00adblu\u00adme<\/em> (bleu\u00adet) \u00e0 Pots\u00addam, l\u2019Arcadie prus\u00adsi\u00aden\u00adne. Pour vos vacan\u00adces, vous avez choi\u00adsi une ville sple\u00adndi\u00adde, fa\u00e7on\u00adn\u00e9e pen\u00addant plus de 350 ans tant par les \u00e9lec\u00adteurs et les rois de Prus\u00adse que par les emper\u00adeurs allemands.<\/p>\n\n\n\n<p>Le quar\u00adtier hol\u00adlan\u00addais, situ\u00e9 ent\u00adre le Nou\u00adveau Jar\u00addin et le Parc de Sans\u00adsou\u00adci, est l\u2019un des sites tou\u00adri\u00adsti\u00adques les plus c\u00e9l\u00e8\u00adbres de Pots\u00addam \u2013 et c\u2019est ici m\u00eame, dans l\u2019appartement <em>Korn\u00adblu\u00adme<\/em>, que vous pour\u00adriez pas\u00adser vos vacances.<\/p>\n\n\n\n<p>Ma mai\u00adson, con\u00adstruite en 1742 sous Fr\u00e9\u00add\u00e9\u00adric le Grand, est situ\u00e9e au c\u0153ur de la vieil\u00adle ville de Pots\u00addam. De l\u00e0, vous pou\u00advez acc\u00e9\u00adder \u00e0 pres\u00adque tou\u00adtes les curio\u00adsi\u00adt\u00e9s de la ville \u00e0 pied ou en tramway.<\/p>\n\n\n\n<div class=\"wp-block-image\"><figure class=\"aligncenter size-full\"><img loading=\"lazy\" decoding=\"async\" width=\"600\" height=\"401\" src=\"https:\/\/www.kornblume-potsdam.de\/wp-content\/uploads\/2020\/02\/LTU14062.png\" alt=\"Fenster mit Klappl\u00e4den\" class=\"wp-image-463\" srcset=\"https:\/\/www.kornblume-potsdam.de\/wp-content\/uploads\/2020\/02\/LTU14062.png 600w, https:\/\/www.kornblume-potsdam.de\/wp-content\/uploads\/2020\/02\/LTU14062-300x201.png 300w, https:\/\/www.kornblume-potsdam.de\/wp-content\/uploads\/2020\/02\/LTU14062-200x134.png 200w\" sizes=\"auto, (max-width: 600px) 100vw, 600px\"><\/figure><\/div>\n\n\n\n<p>\u00c0 tra\u00advers les dif\u00adf\u00e9\u00adren\u00adtes rubri\u00adques du site web, je vous pr\u00e9\u00adsen\u00adte l\u2019appartement et vous fami\u00adlia\u00adri\u00adse avec les envi\u00adrons et l\u2019histoire du quartier.<\/p>\n\n\n\n<div class=\"wp-block-image\"><figure class=\"aligncenter size-full\"><img loading=\"lazy\" decoding=\"async\" width=\"600\" height=\"401\" src=\"https:\/\/www.kornblume-potsdam.de\/wp-content\/uploads\/2020\/02\/LTU14060.png\" alt=\"Haust\u00fcr Hebbelstra\u00dfe 56\" class=\"wp-image-465\" srcset=\"https:\/\/www.kornblume-potsdam.de\/wp-content\/uploads\/2020\/02\/LTU14060.png 600w, https:\/\/www.kornblume-potsdam.de\/wp-content\/uploads\/2020\/02\/LTU14060-300x201.png 300w, https:\/\/www.kornblume-potsdam.de\/wp-content\/uploads\/2020\/02\/LTU14060-200x134.png 200w\" sizes=\"auto, (max-width: 600px) 100vw, 600px\"><\/figure><\/div>\n\n\n\n<p><a href=\"https:\/\/www.kornblume-potsdam.de\/fr\/die-ferienwohnung\/\">Ent\u00adrez<\/a>, je vous&nbsp;prie.<\/p>\n\n\n\n<h2 class=\"wp-block-heading\">Adresse<\/h2>\n\n\n\n<p>Appar\u00adte\u00adment de vacan\u00adces <em>Korn\u00adblu\u00adme<\/em><br>Heb\u00adbel\u00adstra\u00ad\u00dfe 56<br>14467 Pots\u00addam<br>Alle\u00adma\u00adgne<\/p>\n\n\n\n\n\t\t\t\t<div id=\"map_ol3js_1\" class=\"map undefined\" data-map_name=\"undefined\" data-map=\"map_ol3js_1\" style=\"width:95%; max-width:100%; height:450px; display:block; overflow:hidden;border:thin solid;\">\n\t\t\t\t  <div id=\"map_ol3js_1_popup\" class=\"ol-popup\">\n\t\t\t\t\t<a href=\"#\" id=\"map_ol3js_1_popup-closer\" class=\"ol-popup-closer\"><\/a>\n\t\t\t\t\t<div id=\"map_ol3js_1_popup-content\"><\/div>\n\t\t\t\t  <\/div>\n\t\t\t\t<\/div>\n\t\t\t\n\n\t\t\t\t<script type=\"text\/javascript\">\n\t\t\t\t\ttranslations['openlayer'] = \"open layer\";\n\t\t\t\t\ttranslations['openlayerAtStartup'] = \"open layer at startup\";\n\t\t\t\t\ttranslations['generateLink'] = \"link to this map with opened layers\";\n\t\t\t\t\ttranslations['shortDescription'] = \"short description\";\n\t\t\t\t\ttranslations['generatedShortCode'] = \"to get a text control link paste this code in your wordpress editor\";\n\t\t\t\t\ttranslations['closeLayer'] = \"close layer\";\n\t\t\t\t\ttranslations['cantGenerateLink'] = \"put this string in the existing map short code to control this map\";\n\t\t\t  <\/script>\n\n\n\t\t\t  <script type=\"text\/javascript\">\n\t\t\t  vectorM['map_ol3js_1'] = [];\n\t        \n        var raster = getTileLayer(\"\",\"NoKey\");\t\t\t\n\n\t\t\t  var map_ol3js_1 = new ol.Map({\n\t\t\t\tinteractions: ol.interaction.defaults.defaults({mouseWheelZoom:false}),\n\t\t\t\tlayers: [raster],\n\t\t\t\ttarget: \"map_ol3js_1\",\n\t\t\t\tview: new ol.View({\n\t\t\t\t  center: ol.proj.transform([13.0627,52.4026], \"EPSG:4326\", \"EPSG:3857\"),\n\t\t\t\t  zoom: 13\n\t\t\t\t})\n\t\t\t  });\n\t\t\t  osm_addMarkerLayer(map_ol3js_1,13.0627,52.4026,\"https:\/\/www.kornblume-potsdam.de\/wp-content\/plugins\/osm\/icons\/mic_black_xgames_10.png\",-16,-41,\"<p>Kornblume<\/br>Hebbelstra\u00dfe 56<\/p>\") ; \naddControls2Map(map_ol3js_1,0,0,3,0,5,6,7,0,1);\nosm_addPopupClickhandler(map_ol3js_1,  \"map_ol3js_1\"); \nosm_addMouseHover(map_ol3js_1); <\/script>\n\n\n\n<div style=\"height:61px\" aria-hidden=\"true\" class=\"wp-block-spacer\"><\/div>\n\n\n\n<h2 class=\"wp-block-heading\">C\u2019est ce que disent mes&nbsp;h\u00f4tes<\/h2>\n\n\n\n<p>Mari\u00adon le 28 ao\u00fbt&nbsp;2020:<\/p>\n\n\n\n<p><em>\u00ab Nous vous remer\u00adci\u00adons beau\u00adcoup pour le s\u00e9jour dans vot\u00adre bel appar\u00adte\u00adment de vacan\u00adces <\/em>Korn\u00adblu\u00adme<em>. Nous avons \u00e9t\u00e9 tr\u00e8s amicaux et bien accu\u00adeil\u00adlis par le pro\u00adpri\u00e9\u00adtai\u00adre. L\u2019appartement est id\u00e9a\u00adle\u00adment situ\u00e9 dans le quar\u00adtier Hol\u00adlan\u00addais, par\u00adking et superm\u00adar\u00adch\u00e9 Alna\u00adtu\u00adra en vue. Beau\u00adcoup de bons restau\u00adrants, des magasins et un mar\u00adch\u00e9, tout pr\u00e8s. Aucun sou\u00adhait ne reste ouvert.<\/em><\/p>\n\n\n\n<p><em>L\u2019appartement lui-m\u00eame est tout sim\u00adple\u00adment par\u00adfai\u00adte\u00adment restau\u00adr\u00e9 et d\u00e9co\u00adr\u00e9 avec amour. Nous avons \u00e9t\u00e9 ravis par la per\u00adfec\u00adtion dans chaque d\u00e9tail, les appareils de cui\u00adsine de hau\u00adte qua\u00adli\u00adt\u00e9 et une salle de bain lumi\u00adneu\u00adse et con\u00advi\u00advia\u00adle com\u00adpl\u00e8\u00adtent l\u2019impression.<\/em><\/p>\n\n\n\n<p><em>Nous avons sur\u00adtout appr\u00e9\u00adci\u00e9 le petit d\u00e9jeu\u00adner du matin dans la cui\u00adsine mer\u00adveil\u00adleu\u00adse\u00adment lumi\u00adneu\u00adse, avec vue sur la peti\u00adte&nbsp;cour.<\/em><\/p>\n\n\n\n<p><em>Nous esp\u00e9\u00adrons que vous trou\u00adverez tou\u00adjours des loca\u00adtai\u00adres pour vot\u00adre appar\u00adte\u00adment Korn\u00adblu\u00adme, qui l\u2019appr\u00e9cient !<\/em> \u00bb<\/p>\n\n\n\n<p> Tex\u00adte et pho\u00adtos \u00a9 2021 Ernst Eimer. Tou\u00adte repro\u00adduc\u00adtion est interdite.<\/p>\n","protected":false},"excerpt":{"rendered":"<p>Bien\u00adve\u00adnue sur le site de l\u2019appartement de vacan\u00adces Korn\u00adblu\u00adme (bleu\u00adet) \u00e0 Pots\u00addam, l\u2019Arcadie prus\u00adsi\u00aden\u00adne. Pour vos vacan\u00adces, vous avez choi\u00adsi une ville sple\u00adndi\u00adde, fa\u00e7on\u00adn\u00e9e pen\u00addant plus de 350 ans tant par les \u00e9lec\u00adteurs et les rois de Prus\u00adse que par les emper\u00adeurs alle\u00admands. Le quar\u00adtier hol\u00adlan\u00addais, situ\u00e9 ent\u00adre le Nou\u00adveau Jar\u00addin et le Parc&nbsp;de\u2026<\/p>\n","protected":false},"author":1,"featured_media":0,"parent":0,"menu_order":0,"comment_status":"closed","ping_status":"closed","template":"","meta":{"wp_typography_post_enhancements_disabled":false,"footnotes":""},"class_list":["post-302","page","type-page","status-publish","hentry"],"_links":{"self":[{"href":"https:\/\/www.kornblume-potsdam.de\/fr\/wp-json\/wp\/v2\/pages\/302","targetHints":{"allow":["GET"]}}],"collection":[{"href":"https:\/\/www.kornblume-potsdam.de\/fr\/wp-json\/wp\/v2\/pages"}],"about":[{"href":"https:\/\/www.kornblume-potsdam.de\/fr\/wp-json\/wp\/v2\/types\/page"}],"author":[{"embeddable":true,"href":"https:\/\/www.kornblume-potsdam.de\/fr\/wp-json\/wp\/v2\/users\/1"}],"replies":[{"embeddable":true,"href":"https:\/\/www.kornblume-potsdam.de\/fr\/wp-json\/wp\/v2\/comments?post=302"}],"version-history":[{"count":67,"href":"https:\/\/www.kornblume-potsdam.de\/fr\/wp-json\/wp\/v2\/pages\/302\/revisions"}],"predecessor-version":[{"id":971,"href":"https:\/\/www.kornblume-potsdam.de\/fr\/wp-json\/wp\/v2\/pages\/302\/revisions\/971"}],"wp:attachment":[{"href":"https:\/\/www.kornblume-potsdam.de\/fr\/wp-json\/wp\/v2\/media?parent=302"}],"curies":[{"name":"wp","href":"https:\/\/api.w.org\/{rel}","templated":true}]}}