{"id":21,"date":"2019-12-12T07:32:25","date_gmt":"2019-12-12T06:32:25","guid":{"rendered":"http:\/\/www.kornblume-potsdam.de\/?page_id=21"},"modified":"2021-06-23T15:37:33","modified_gmt":"2021-06-23T13:37:33","slug":"das-hollaendische-viertel","status":"publish","type":"page","link":"https:\/\/www.kornblume-potsdam.de\/fr\/das-hollaendische-viertel\/","title":{"rendered":"Le quartier hollandais"},"content":{"rendered":"\n<div class=\"wp-block-image\"><figure class=\"aligncenter size-large\"><img loading=\"lazy\" decoding=\"async\" width=\"700\" height=\"346\" src=\"https:\/\/www.kornblume-potsdam.de\/wp-content\/uploads\/2020\/03\/Gutenbergstra\u00dfe-frontal-LTU14124.png\" alt=\"H\u00e4userzeile Holl\u00e4ndisches Viertel\" class=\"wp-image-698\" srcset=\"https:\/\/www.kornblume-potsdam.de\/wp-content\/uploads\/2020\/03\/Gutenbergstra\u00dfe-frontal-LTU14124.png 700w, https:\/\/www.kornblume-potsdam.de\/wp-content\/uploads\/2020\/03\/Gutenbergstra\u00dfe-frontal-LTU14124-300x148.png 300w, https:\/\/www.kornblume-potsdam.de\/wp-content\/uploads\/2020\/03\/Gutenbergstra\u00dfe-frontal-LTU14124-200x99.png 200w\" sizes=\"auto, (max-width: 700px) 100vw, 700px\"><\/figure><\/div>\n\n\n\n<p>Pour\u00adquoi y a-t-il un quar\u00adtier hol\u00adlan\u00addais \u00e0 Pots\u00addam, \u00e0 500&nbsp;km des Pays-Bas&nbsp;?<\/p>\n\n\n\n<p>Il y a plu\u00adsieurs rai\u00adsons \u00e0 cela. Pots\u00addam, entou\u00adr\u00e9e par le cours de la rivi\u00e8\u00adre Havel et ses lacs, est con\u00adstruite sur un sol mar\u00e9\u00adca\u00adge\u00adux dont la nap\u00adpe phr\u00e9a\u00adtique a un niveau \u00e9le\u00adv\u00e9. C\u2019est enco\u00adre aujourd\u2019hui un ter\u00adrain tech\u00adni\u00adquement exi\u00adgeant \u00e0 la construction.<\/p>\n\n\n\n<p>En 1732, le roi de Prus\u00adse Fr\u00e9\u00add\u00e9\u00adric Guil\u00adlaume Ier (1688\u20131740), sur\u00adnom\u00adm\u00e9 le Roi-Ser\u00adgent, veut agran\u00addir Pots\u00addam, sa r\u00e9si\u00addence roya\u00adle, au nord. Deux voya\u00adges d\u2019\u00e9tudes aux Pays-Bas lui ont fait con\u00adna\u00eet\u00adre et appr\u00e9\u00adcier les com\u00adp\u00e9\u00adten\u00adces des Hol\u00adlan\u00addais en mati\u00e8\u00adre de g\u00e9nie hydrau\u00adli\u00adque, eux qui ont arr\u00ada\u00adch\u00e9 leur terre \u00e0 la&nbsp;mer.<\/p>\n\n\n\n<div class=\"wp-block-image\"><figure class=\"aligncenter size-full\"><img loading=\"lazy\" decoding=\"async\" width=\"300\" height=\"380\" src=\"https:\/\/www.kornblume-potsdam.de\/wp-content\/uploads\/2019\/12\/Friedrich-Wilhelm-I.jpg\" alt=\"Friedrich Wihelm I. von Preu\u00dfen 1733\" class=\"wp-image-65\" srcset=\"https:\/\/www.kornblume-potsdam.de\/wp-content\/uploads\/2019\/12\/Friedrich-Wilhelm-I.jpg 300w, https:\/\/www.kornblume-potsdam.de\/wp-content\/uploads\/2019\/12\/Friedrich-Wilhelm-I-237x300.jpg 237w, https:\/\/www.kornblume-potsdam.de\/wp-content\/uploads\/2019\/12\/Friedrich-Wilhelm-I-158x200.jpg 158w\" sizes=\"auto, (max-width: 300px) 100vw, 300px\"><figcaption>(1) Fr\u00e9\u00add\u00e9\u00adric Guil\u00adlaume Ier (A. Pes\u00adne,&nbsp;1733)<\/figcaption><\/figure><\/div>\n\n\n\n<p>Il r\u00e9us\u00adsit \u00e0 con\u00advain\u00adcre le b\u00e2tis\u00adseur hol\u00adlan\u00addais Jean (Jan) Bou\u00adman pour la pla\u00adni\u00adfi\u00adca\u00adti\u00adon et l\u2019ex\u00e9cution de l\u2019extension de la ville, mais il veut en out\u00adre recru\u00adter des artis\u00adans hol\u00adlan\u00addais pour en fai\u00adre b\u00e9n\u00e9\u00adfi\u00adci\u00ader sa ville de r\u00e9sidence.<\/p>\n\n\n\n<p>Pour qu\u2019ils se sen\u00adtent moins \u00e9tran\u00adgers \u00e0 Pots\u00addam, Fr\u00e9\u00add\u00e9\u00adric Guil\u00adlaume Ier leur fait con\u00adstrui\u00adre \u00e0 par\u00adtir de 1733, pen\u00addant les travaux d\u2019extension de la ville, quat\u00adre car\u00adr\u00e9s de mai\u00adsons de style hol\u00adlan\u00addais. Un droit de r\u00e9si\u00addence dans ces mai\u00adsons et d\u2019autres pri\u00advil\u00e8\u00adges ont pour but d\u2019inciter les artis\u00adans \u00e0 venir dans la Mar\u00adche de Bran\u00adde\u00adbourg. Le suc\u00adc\u00e8s obte\u00adnu est mode\u00adste&nbsp;: de son vivant, seu\u00adles quat\u00adre famil\u00adles hol\u00adlan\u00addai\u00adses s\u2019installent dans le quar\u00adtier nou\u00advel\u00adle\u00adment construit.<\/p>\n\n\n\n<p>Apr\u00e8s sa mort, sous le r\u00e8g\u00adne de son fils Fr\u00e9\u00add\u00e9\u00adric II dit Fr\u00e9\u00add\u00e9\u00adric le Grand, la cons\u00adtruc\u00adtion des deux car\u00adr\u00e9s \u00e0 l\u2019est du quar\u00adtier, dont cet\u00adte mai\u00adson fait par\u00adtie, a \u00e9t\u00e9 ache\u00adv\u00e9e en 1742. Les mai\u00adsons plus riche\u00adment d\u00e9co\u00adr\u00e9es du c\u00f4t\u00e9 ouest de la Bas\u00adsinplatz et de la Char\u00adlot\u00adten\u00adstra\u00ad\u00dfe y ont \u00e9t\u00e9 ajou\u00adt\u00e9es ult\u00e9rieurement.<\/p>\n\n\n\n<div class=\"wp-block-image\"><figure class=\"aligncenter size-full\"><img loading=\"lazy\" decoding=\"async\" width=\"488\" height=\"327\" src=\"https:\/\/www.kornblume-potsdam.de\/wp-content\/uploads\/2019\/12\/Bassinplatz-Gloriette-1942.jpg\" alt=\"Gloriette auf dem Bassinplatz, Potsdam\" class=\"wp-image-75\" srcset=\"https:\/\/www.kornblume-potsdam.de\/wp-content\/uploads\/2019\/12\/Bassinplatz-Gloriette-1942.jpg 488w, https:\/\/www.kornblume-potsdam.de\/wp-content\/uploads\/2019\/12\/Bassinplatz-Gloriette-1942-300x201.jpg 300w, https:\/\/www.kornblume-potsdam.de\/wp-content\/uploads\/2019\/12\/Bassinplatz-Gloriette-1942-200x134.jpg 200w\" sizes=\"auto, (max-width: 488px) 100vw, 488px\"><figcaption>(2) La Glo\u00adri\u00adet\u00adte sur la Bas\u00adsinplatz vers&nbsp;1942<\/figcaption><\/figure><\/div>\n\n\n\n<p> Sur la Bas\u00adsinplatz, au sud du quar\u00adtier, il y avait \u00e0 l\u2019origine un grand bas\u00adsin dans lequel avait \u00e9t\u00e9 drai\u00adn\u00e9e l\u2019eau pro\u00advenant du chan\u00adtier du quar\u00adtier hol\u00adlan\u00addais. Au milieu du bas\u00adsin se trou\u00advait un pavil\u00adlon, la Glo\u00adri\u00adet\u00adte, sur une peti\u00adte \u00eele. Le bas\u00adsin s\u2019est pro\u00adgres\u00adsi\u00adve\u00adment envas\u00e9 et a \u00e9t\u00e9 ass\u00e9\u00adch\u00e9 vers 1870. La Glo\u00adri\u00adet\u00adte a sur\u00adv\u00e9\u00adcu \u00e0 tou\u00adtes les guer\u00adres, mais a \u00e9t\u00e9 d\u00e9truite par les Sovi\u00e9\u00adti\u00adques en 1946 pour \u00e9ri\u00adger \u00e0 sa place le monu\u00adment qui s\u2019y trouve enco\u00adre aujourd\u2019hui.<\/p>\n\n\n\n<p>Le quar\u00adtier se com\u00adpo\u00adse de mai\u00adsons de dif\u00adf\u00e9r\u00adents types de base, par\u00admi les\u00adquel\u00adles les mai\u00adsons simp\u00adles, triaxia\u00adles et aux pignons dits \u00ab&nbsp;en clo\u00adche&nbsp;\u00bb sont les plus marquantes.<\/p>\n\n\n\n<div class=\"wp-block-image\"><figure class=\"aligncenter size-large\"><img loading=\"lazy\" decoding=\"async\" width=\"500\" height=\"333\" src=\"https:\/\/www.kornblume-potsdam.de\/wp-content\/uploads\/2020\/03\/Giebelh\u00e4user-LTU14097.png\" alt=\"Giebelh\u00e4user im Holl\u00e4ndischen Viertel\" class=\"wp-image-663\" srcset=\"https:\/\/www.kornblume-potsdam.de\/wp-content\/uploads\/2020\/03\/Giebelh\u00e4user-LTU14097.png 500w, https:\/\/www.kornblume-potsdam.de\/wp-content\/uploads\/2020\/03\/Giebelh\u00e4user-LTU14097-300x200.png 300w, https:\/\/www.kornblume-potsdam.de\/wp-content\/uploads\/2020\/03\/Giebelh\u00e4user-LTU14097-200x133.png 200w\" sizes=\"auto, (max-width: 500px) 100vw, 500px\"><figcaption> Mai\u00adsons \u00e0 pignon dans la Mittelstra\u00dfe&nbsp;<\/figcaption><\/figure><\/div>\n\n\n\n<p>Com\u00adme me l\u2019a dit un Hol\u00adlan\u00addais, les fa\u00e7a\u00addes des mai\u00adsons sont plus \u00e9troi\u00adtes et plus d\u00e9co\u00adr\u00e9es en Hol\u00adlan\u00adde qu\u2019ici \u00e0 Pots\u00addam. La plus anci\u00aden\u00adne ran\u00adg\u00e9e de mai\u00adsons du quar\u00adtier, le c\u00f4t\u00e9 sud de la Mit\u00adtel\u00adstra\u00ad\u00dfe ent\u00adre la Fried\u00adrich-Ebert-Stra\u00ad\u00dfe et la Ben\u00adkert\u00adstra\u00ad\u00dfe, pr\u00e9\u00adsen\u00adte un ali\u00adgne\u00adment de mai\u00adsons \u00e0 pignons uni\u00adfor\u00admes. Ce n\u2019est que plus tard que les fa\u00e7a\u00addes ont \u00e9t\u00e9 plus vari\u00e9es le long d\u2019une m\u00eame&nbsp;rue.<\/p>\n\n\n\n<div class=\"wp-block-image\"><figure class=\"aligncenter size-large\"><img loading=\"lazy\" decoding=\"async\" width=\"500\" height=\"334\" src=\"https:\/\/www.kornblume-potsdam.de\/wp-content\/uploads\/2020\/03\/Traufenhaus-LTU14092.png\" alt=\"Traufenhaus im Holl\u00e4ndischen Viertel\" class=\"wp-image-668\" srcset=\"https:\/\/www.kornblume-potsdam.de\/wp-content\/uploads\/2020\/03\/Traufenhaus-LTU14092.png 500w, https:\/\/www.kornblume-potsdam.de\/wp-content\/uploads\/2020\/03\/Traufenhaus-LTU14092-300x200.png 300w, https:\/\/www.kornblume-potsdam.de\/wp-content\/uploads\/2020\/03\/Traufenhaus-LTU14092-200x134.png 200w\" sizes=\"auto, (max-width: 500px) 100vw, 500px\"><figcaption> Mai\u00adsons \u00e0 versant de toit dans la Gutenbergstra\u00dfe&nbsp;<\/figcaption><\/figure><\/div>\n\n\n\n<p>Com\u00adme la pr\u00e9\u00adser\u00adva\u00adti\u00adon histo\u00adri\u00adque des b\u00e2ti\u00adments s\u00e9cu\u00adliers ne s\u2019est g\u00e9n\u00e9\u00adra\u00adli\u00ads\u00e9e qu\u2019apr\u00e8s le tour\u00adnant du si\u00e8\u00adcle, de nombreu\u00adses mai\u00adsons ont \u00e9t\u00e9 modi\u00adfi\u00ad\u00e9es au XIXe si\u00e8\u00adcle : on trouve des pignons droits ult\u00e9\u00adri\u00adeu\u00adre\u00adment rec\u00adti\u00adfi\u00ad\u00e9s, des exten\u00adsi\u00adons, des fen\u00eatres plus gran\u00addes avec des volets dif\u00adf\u00e9r\u00adents, des vitri\u00adnes et bal\u00adcons n\u2019existant pas \u00e0 l\u2019origine. Aujourd\u2019hui, de nombreu\u00adses fa\u00e7a\u00addes sont pein\u00adtes en rouge bri\u00adque pour mas\u00adquer les r\u00e9pa\u00adra\u00adti\u00adons fai\u00adtes avec des bri\u00adques de cou\u00adleur dif\u00adf\u00e9\u00adren\u00adte. Ma mai\u00adson a \u00e9ga\u00adle\u00adment \u00e9t\u00e9 rema\u00adni\u00e9e \u00e0 la fin du XIXe si\u00e8\u00adcle, la pho\u00adto ci-des\u00adsous le mont\u00adre, et la por\u00adte d\u2019entr\u00e9e le rap\u00adpel\u00adle enco\u00adre aujourd\u2019hui. Lors de la restau\u00adra\u00adti\u00adon de la mai\u00adson en 1990, la fa\u00e7a\u00adde&nbsp;a pres\u00adque retrou\u00adv\u00e9 son archi\u00adtec\u00adtu\u00adre baro\u00adque d\u2019origine et re\u00e7u sa for\u00adme actuelle.<\/p>\n\n\n\n<div class=\"wp-block-image\"><figure class=\"aligncenter size-large\"><img loading=\"lazy\" decoding=\"async\" width=\"500\" height=\"364\" src=\"https:\/\/www.kornblume-potsdam.de\/wp-content\/uploads\/2020\/03\/Hebbelstra\u00dfe-56-1936-2020.png\" alt=\"Hebbelstra\u00dfe 56 1936\/2020\" class=\"wp-image-760\" srcset=\"https:\/\/www.kornblume-potsdam.de\/wp-content\/uploads\/2020\/03\/Hebbelstra\u00dfe-56-1936-2020.png 500w, https:\/\/www.kornblume-potsdam.de\/wp-content\/uploads\/2020\/03\/Hebbelstra\u00dfe-56-1936-2020-300x218.png 300w, https:\/\/www.kornblume-potsdam.de\/wp-content\/uploads\/2020\/03\/Hebbelstra\u00dfe-56-1936-2020-200x146.png 200w\" sizes=\"auto, (max-width: 500px) 100vw, 500px\"><figcaption>(3) Molt\u00adke\u00adstra\u00ad\u00dfe 56&nbsp;en 1936, Heb\u00adbel\u00adstra\u00ad\u00dfe 56 aujourd\u2019hui<\/figcaption><\/figure><\/div>\n\n\n\n<p>Pen\u00addant la Secon\u00adde Guer\u00adre mon\u00addia\u00adle, lors du bom\u00adbar\u00adde\u00adment de Pots\u00addam par la Roy\u00adal Air Force dans la nuit du 14 avril 1945 et, par la suite, du fait de la len\u00adte d\u00e9gra\u00adda\u00adti\u00adon subie sous le r\u00e9gime de la RDA, six mai\u00adsons du quar\u00adtier ont \u00e9t\u00e9 per\u00addues. Depuis 1990, tou\u00adtes ont \u00e9t\u00e9 recon\u00adstrui\u00adtes \u00e0 l\u2019exception de deux (Guten\u00adberg\u00adstra\u00ad\u00dfe 69 et 81). Sur le ter\u00adrain vide \u00e0 gau\u00adche de ma mai\u00adson, la der\u00adni\u00e8\u00adre mai\u00adson de cet\u00adte ran\u00adg\u00e9e sera bien\u00adt\u00f4t reb\u00e2tie.<\/p>\n\n\n\n<div class=\"wp-block-image\"><figure class=\"aligncenter size-large\"><img loading=\"lazy\" decoding=\"async\" width=\"500\" height=\"334\" src=\"https:\/\/www.kornblume-potsdam.de\/wp-content\/uploads\/2020\/03\/Benkertstra\u00dfe-Einm\u00fcndung-LTU14120.png\" alt=\"Kreuzung Benkertstra\u00dfe Gutenbergstra\u00dfe\" class=\"wp-image-694\" srcset=\"https:\/\/www.kornblume-potsdam.de\/wp-content\/uploads\/2020\/03\/Benkertstra\u00dfe-Einm\u00fcndung-LTU14120.png 500w, https:\/\/www.kornblume-potsdam.de\/wp-content\/uploads\/2020\/03\/Benkertstra\u00dfe-Einm\u00fcndung-LTU14120-300x200.png 300w, https:\/\/www.kornblume-potsdam.de\/wp-content\/uploads\/2020\/03\/Benkertstra\u00dfe-Einm\u00fcndung-LTU14120-200x134.png 200w\" sizes=\"auto, (max-width: 500px) 100vw, 500px\"><\/figure><\/div>\n\n\n\n<p>Le quar\u00adtier hol\u00adlan\u00addais est un m\u00e9lan\u00adge vivant d\u2019habitations et de lieux de tra\u00advail, il y a ici beau\u00adcoup de restau\u00adrants et de caf\u00e9s, de magasins et d\u2019ateliers. C\u2019est un quar\u00adtier o\u00f9 la qua\u00adli\u00adt\u00e9 de vie est \u00e9le\u00adv\u00e9e et, gr\u00e2\u00adce \u00e0 sa situa\u00adti\u00adon cen\u00adtra\u00adle, c\u2019est aus\u00adsi un bon point de d\u00e9part pour vos activit\u00e9s.<\/p>\n\n\n\n<p>Tex\u00adte et pho\u00adtos \u00a9 2021 Ernst Eimer. Tou\u00adte repro\u00adduc\u00adtion est inter\u00addi\u00adte.<br>Pho\u00adtos (1), (2) et (3) : issues du domaine public<\/p>\n","protected":false},"excerpt":{"rendered":"<p>Pour\u00adquoi y a-t-il un quar\u00adtier hol\u00adlan\u00addais \u00e0 Pots\u00addam, \u00e0 500&nbsp;km des Pays-Bas&nbsp;? Il y a plu\u00adsieurs rai\u00adsons \u00e0 cela. Pots\u00addam, entou\u00adr\u00e9e par le cours de la rivi\u00e8\u00adre Havel et ses lacs, est con\u00adstruite sur un sol mar\u00e9\u00adca\u00adge\u00adux dont la nap\u00adpe phr\u00e9a\u00adtique a un niveau \u00e9le\u00adv\u00e9. C\u2019est enco\u00adre aujourd\u2019hui un ter\u00adrain tech\u00adni\u00adquement exi\u00adgeant \u00e0 la construction.\u2026<\/p>\n","protected":false},"author":1,"featured_media":0,"parent":0,"menu_order":0,"comment_status":"closed","ping_status":"closed","template":"","meta":{"wp_typography_post_enhancements_disabled":false,"footnotes":""},"class_list":["post-21","page","type-page","status-publish","hentry"],"_links":{"self":[{"href":"https:\/\/www.kornblume-potsdam.de\/fr\/wp-json\/wp\/v2\/pages\/21","targetHints":{"allow":["GET"]}}],"collection":[{"href":"https:\/\/www.kornblume-potsdam.de\/fr\/wp-json\/wp\/v2\/pages"}],"about":[{"href":"https:\/\/www.kornblume-potsdam.de\/fr\/wp-json\/wp\/v2\/types\/page"}],"author":[{"embeddable":true,"href":"https:\/\/www.kornblume-potsdam.de\/fr\/wp-json\/wp\/v2\/users\/1"}],"replies":[{"embeddable":true,"href":"https:\/\/www.kornblume-potsdam.de\/fr\/wp-json\/wp\/v2\/comments?post=21"}],"version-history":[{"count":44,"href":"https:\/\/www.kornblume-potsdam.de\/fr\/wp-json\/wp\/v2\/pages\/21\/revisions"}],"predecessor-version":[{"id":967,"href":"https:\/\/www.kornblume-potsdam.de\/fr\/wp-json\/wp\/v2\/pages\/21\/revisions\/967"}],"wp:attachment":[{"href":"https:\/\/www.kornblume-potsdam.de\/fr\/wp-json\/wp\/v2\/media?parent=21"}],"curies":[{"name":"wp","href":"https:\/\/api.w.org\/{rel}","templated":true}]}}