{"id":20,"date":"2019-12-12T07:32:25","date_gmt":"2019-12-12T06:32:25","guid":{"rendered":"http:\/\/www.kornblume-potsdam.de\/?page_id=20"},"modified":"2021-06-23T15:40:59","modified_gmt":"2021-06-23T13:40:59","slug":"warum-kornblume","status":"publish","type":"page","link":"https:\/\/www.kornblume-potsdam.de\/fr\/warum-kornblume\/","title":{"rendered":"Pourquoi le bleuet&nbsp;?"},"content":{"rendered":"\n<div class=\"wp-block-image\"><figure class=\"aligncenter size-large is-resized\"><img decoding=\"async\" src=\"https:\/\/www.kornblume-potsdam.de\/wp-content\/uploads\/2020\/02\/Kornblume-2-einzeln.png\" alt=\"Kornblume\" class=\"wp-image-410\" width=\"200\" srcset=\"https:\/\/www.kornblume-potsdam.de\/wp-content\/uploads\/2020\/02\/Kornblume-2-einzeln.png 533w, https:\/\/www.kornblume-potsdam.de\/wp-content\/uploads\/2020\/02\/Kornblume-2-einzeln-300x300.png 300w, https:\/\/www.kornblume-potsdam.de\/wp-content\/uploads\/2020\/02\/Kornblume-2-einzeln-150x150.png 150w, https:\/\/www.kornblume-potsdam.de\/wp-content\/uploads\/2020\/02\/Kornblume-2-einzeln-200x200.png 200w\" sizes=\"(max-width: 533px) 100vw, 533px\"><\/figure><\/div>\n\n\n\n<p>Le bleu\u00adet est un sym\u00adbo\u00adle de la Prus\u00adse. C\u2019\u00e9tait la fleur pr\u00e9\u00adf\u00e9\u00adr\u00e9e de la rei\u00adne Loui\u00adse de Prus\u00adse (1776\u20131810), \u00e9pou\u00adse du roi Fr\u00e9\u00add\u00e9\u00adric Guil\u00adlaume III (1770\u20131840).<\/p>\n\n\n\n<div class=\"wp-block-image\"><figure class=\"aligncenter size-full\"><img loading=\"lazy\" decoding=\"async\" width=\"500\" height=\"686\" src=\"https:\/\/www.kornblume-potsdam.de\/wp-content\/uploads\/2019\/12\/Luise-Grassi.jpg\" alt=\"K\u00f6nigin Luise\" class=\"wp-image-140\" srcset=\"https:\/\/www.kornblume-potsdam.de\/wp-content\/uploads\/2019\/12\/Luise-Grassi.jpg 500w, https:\/\/www.kornblume-potsdam.de\/wp-content\/uploads\/2019\/12\/Luise-Grassi-219x300.jpg 219w, https:\/\/www.kornblume-potsdam.de\/wp-content\/uploads\/2019\/12\/Luise-Grassi-146x200.jpg 146w, https:\/\/www.kornblume-potsdam.de\/wp-content\/uploads\/2019\/12\/Luise-Grassi-437x600.jpg 437w\" sizes=\"auto, (max-width: 500px) 100vw, 500px\"><figcaption>(5) La rei\u00adne Loui\u00adse de Prus\u00adse (J. Gras\u00adsi,&nbsp;1802)<\/figcaption><\/figure><\/div>\n\n\n\n<p>Le cou\u00adple roy\u00adal, tr\u00e8s popu\u00adlai\u00adre aupr\u00e8s du peu\u00adple, menait une vie pres\u00adque bour\u00adgeoi\u00adse, abso\u00adlu\u00adment \u00e0 l\u2019oppos\u00e9 des m\u0153urs en usa\u00adge \u00e0 la cour de son pr\u00e9\u00add\u00e9\u00adce\u00ads\u00adseur, Fr\u00e9\u00add\u00e9\u00adric Guil\u00adlaume&nbsp;II, qui avait eu de nombreu\u00adses liai\u00adsons extra-con\u00adju\u00adga\u00adles et lais\u00ads\u00e9 der\u00adri\u00e8\u00adre lui de gro\u00adsses det\u00adtes. Leur r\u00e9si\u00addence d\u2019\u00e9t\u00e9, le <a rel=\"noreferrer noopener\" aria-label=\"Schlo\u00df Paretz (\u00f6ffnet in neuem Tab)\" href=\"https:\/\/www.spsg.de\/schloesser-gaerten\/objekt\/schloss-schlossgarten-paretz\/\" target=\"_blank\">Schlo\u00df Paretz<\/a>, \u00e0 20&nbsp;km du cent\u00adre de Pots\u00addam, don\u00adne une impres\u00adsi\u00adon de la vie pri\u00adv\u00e9e du cou\u00adple&nbsp;royal.<\/p>\n\n\n\n<div class=\"wp-block-image\"><figure class=\"aligncenter size-full\"><img loading=\"lazy\" decoding=\"async\" width=\"700\" height=\"835\" src=\"https:\/\/www.kornblume-potsdam.de\/wp-content\/uploads\/2019\/12\/FW-III-Luise-Kinder.jpg\" alt=\"Friedrich Wilhelm III. mit seiner Familie\" class=\"wp-image-101\" srcset=\"https:\/\/www.kornblume-potsdam.de\/wp-content\/uploads\/2019\/12\/FW-III-Luise-Kinder.jpg 700w, https:\/\/www.kornblume-potsdam.de\/wp-content\/uploads\/2019\/12\/FW-III-Luise-Kinder-251x300.jpg 251w, https:\/\/www.kornblume-potsdam.de\/wp-content\/uploads\/2019\/12\/FW-III-Luise-Kinder-168x200.jpg 168w, https:\/\/www.kornblume-potsdam.de\/wp-content\/uploads\/2019\/12\/FW-III-Luise-Kinder-503x600.jpg 503w\" sizes=\"auto, (max-width: 700px) 100vw, 700px\"><figcaption>(6) Fr\u00e9\u00add\u00e9\u00adric Guil\u00adlaume III et sa famil\u00adle (H.A. D\u00e4h\u00adling,&nbsp;1806)<\/figcaption><\/figure><\/div>\n\n\n\n<p>Bien que Fr\u00e9\u00add\u00e9\u00adric Guil\u00adlaume III ait ten\u00adt\u00e9, par sa poli\u00adtique de neu\u00adtra\u00adli\u00adt\u00e9, de tenir la Prus\u00adse \u00e0 l\u2019\u00e9cart du grand con\u00adflit euro\u00adp\u00e9\u00aden de son \u00e9po\u00adque \u2013 la lut\u00adte cont\u00adre la supr\u00e9\u00adma\u00adtie fran\u00ad\u00e7ai\u00adse sous Napo\u00adl\u00e9\u00adon \u2013 la Prus\u00adse est \u00e9cra\u00ads\u00e9e dans la batail\u00adle d\u2019I\u00e9na et d\u2019Auerstedt en 1806. Les trou\u00adpes fran\u00ad\u00e7ai\u00adses avan\u00adcent vers Ber\u00adlin et s\u2019emparent du qua\u00addri\u00adge de la Por\u00adte de Bran\u00adde\u00adbourg ; le cou\u00adple roy\u00adal doit se reti\u00adrer \u00e0 K\u00f6nigs\u00adberg. Lorsque cet\u00adte ville est \u00e0 son tour men\u00adac\u00e9e, la famil\u00adle roya\u00adle s\u2019enfuit jusqu\u2019\u00e0 Memel, dans l\u2019extr\u00eame nord-est de la Prusse.<\/p>\n\n\n\n<div class=\"wp-block-image\"><figure class=\"aligncenter size-large\"><img loading=\"lazy\" decoding=\"async\" width=\"500\" height=\"375\" src=\"https:\/\/www.kornblume-potsdam.de\/wp-content\/uploads\/2020\/03\/Kartenausschnitt1910.png\" alt=\"Landkarte 1910\" class=\"wp-image-684\" srcset=\"https:\/\/www.kornblume-potsdam.de\/wp-content\/uploads\/2020\/03\/Kartenausschnitt1910.png 500w, https:\/\/www.kornblume-potsdam.de\/wp-content\/uploads\/2020\/03\/Kartenausschnitt1910-300x225.png 300w, https:\/\/www.kornblume-potsdam.de\/wp-content\/uploads\/2020\/03\/Kartenausschnitt1910-200x150.png 200w\" sizes=\"auto, (max-width: 500px) 100vw, 500px\"><figcaption>\u00c9tapes de la fuite (car\u00adte d\u2019atlas sco\u00adlai\u00adre ber\u00adli\u00adnois&nbsp;1910)&nbsp;<\/figcaption><\/figure><\/div>\n\n\n\n<p>La Prus\u00adse a \u00e9t\u00e9 exclue des n\u00e9go\u00adcia\u00adti\u00adons de paix ent\u00adre la France et la Rus\u00adsie tenues ult\u00e9\u00adri\u00adeu\u00adre\u00adment \u00e0 Til\u00adsit, en Prus\u00adse, bien qu\u2019il y ait \u00e9t\u00e9 aus\u00adsi d\u00e9ci\u00add\u00e9 de son sort. Il a donc \u00e9t\u00e9 impos\u00adsi\u00adble pour elle de par\u00adti\u00adci\u00adper \u00e0 ces n\u00e9go\u00adcia\u00adti\u00adons&nbsp;officielles.<\/p>\n\n\n\n<p>Dans cet\u00adte situa\u00adti\u00adon, la rei\u00adne Loui\u00adse a orga\u00adni\u00ads\u00e9 une ren\u00adcont\u00adre avec Napo\u00adl\u00e9\u00adon, au cours de laquel\u00adle elle s\u2019est bat\u00adtue avec pas\u00adsi\u00adon pour son pays afin d\u2019obtenir des con\u00addi\u00adti\u00adons de paix moins s\u00e9v\u00e8\u00adres. Bien qu\u2019elle n\u2019y soit pas par\u00adve\u00adnue, son enga\u00adge\u00adment reste ineffa\u00ad\u00e7a\u00adble et a don\u00adn\u00e9 nais\u00adsance au mythe qui l\u2019entoure. Sa mort pr\u00e9\u00adco\u00adce \u00e0 l\u2019\u00e2ge de 34 ans seu\u00adle\u00adment \u2013 la fuite avait gra\u00adve\u00adment affec\u00adt\u00e9 sa san\u00adt\u00e9 \u2013 y a for\u00adte\u00adment con\u00adtri\u00adbu\u00e9. Elle n\u2019a pas v\u00e9cu assez long\u00adtemps pour voir la lib\u00e9\u00adra\u00adti\u00adon de la Prus\u00adse et de l\u2019Europe du joug napo\u00adl\u00e9o\u00adni\u00aden en&nbsp;1815.<\/p>\n\n\n\n<p>En\nm\u00e9moi\u00adre de la rei\u00adne Loui\u00adse et du temps des rois prus\u00adsi\u00adens et des\nemper\u00adeurs alle\u00admands qui ont don\u00adn\u00e9 \u00e0 Pots\u00addam la beau\u00adt\u00e9 dont nous\njouis\u00adsons aujourd\u2019hui, j\u2019ai choi\u00adsi le bleu\u00adet com\u00adme signe et nom de\nmon appar\u00adte\u00adment de vacances.<\/p>\n\n\n\n<p>Tex\u00adte et bleu\u00adet sty\u00adli\u00ads\u00e9 \u00a9 2021 Ernst Eimer. Tou\u00adte repro\u00adduc\u00adtion est inter\u00addi\u00adte.<br>Images (5) et (6) : issues du domaine public<\/p>\n","protected":false},"excerpt":{"rendered":"<p>Le bleu\u00adet est un sym\u00adbo\u00adle de la Prus\u00adse. C\u2019\u00e9tait la fleur pr\u00e9\u00adf\u00e9\u00adr\u00e9e de la rei\u00adne Loui\u00adse de Prus\u00adse (1776\u20131810), \u00e9pou\u00adse du roi Fr\u00e9\u00add\u00e9\u00adric Guil\u00adlaume III (1770\u20131840). Le cou\u00adple roy\u00adal, tr\u00e8s popu\u00adlai\u00adre aupr\u00e8s du peu\u00adple, menait une vie pres\u00adque bour\u00adgeoi\u00adse, abso\u00adlu\u00adment \u00e0 l\u2019oppos\u00e9 des m\u0153urs en usa\u00adge \u00e0 la cour de son pr\u00e9\u00add\u00e9\u00adce\u00ads\u00adseur, Fr\u00e9\u00add\u00e9\u00adric Guil\u00adlaume&nbsp;II, qui\u2026<\/p>\n","protected":false},"author":1,"featured_media":0,"parent":0,"menu_order":0,"comment_status":"closed","ping_status":"closed","template":"","meta":{"wp_typography_post_enhancements_disabled":false,"footnotes":""},"class_list":["post-20","page","type-page","status-publish","hentry"],"_links":{"self":[{"href":"https:\/\/www.kornblume-potsdam.de\/fr\/wp-json\/wp\/v2\/pages\/20","targetHints":{"allow":["GET"]}}],"collection":[{"href":"https:\/\/www.kornblume-potsdam.de\/fr\/wp-json\/wp\/v2\/pages"}],"about":[{"href":"https:\/\/www.kornblume-potsdam.de\/fr\/wp-json\/wp\/v2\/types\/page"}],"author":[{"embeddable":true,"href":"https:\/\/www.kornblume-potsdam.de\/fr\/wp-json\/wp\/v2\/users\/1"}],"replies":[{"embeddable":true,"href":"https:\/\/www.kornblume-potsdam.de\/fr\/wp-json\/wp\/v2\/comments?post=20"}],"version-history":[{"count":14,"href":"https:\/\/www.kornblume-potsdam.de\/fr\/wp-json\/wp\/v2\/pages\/20\/revisions"}],"predecessor-version":[{"id":982,"href":"https:\/\/www.kornblume-potsdam.de\/fr\/wp-json\/wp\/v2\/pages\/20\/revisions\/982"}],"wp:attachment":[{"href":"https:\/\/www.kornblume-potsdam.de\/fr\/wp-json\/wp\/v2\/media?parent=20"}],"curies":[{"name":"wp","href":"https:\/\/api.w.org\/{rel}","templated":true}]}}