{"id":19,"date":"2019-12-12T07:32:25","date_gmt":"2019-12-12T06:32:25","guid":{"rendered":"http:\/\/www.kornblume-potsdam.de\/?page_id=19"},"modified":"2021-06-23T15:38:40","modified_gmt":"2021-06-23T13:38:40","slug":"die-ferienwohnung","status":"publish","type":"page","link":"https:\/\/www.kornblume-potsdam.de\/fr\/die-ferienwohnung\/","title":{"rendered":"L\u2019appartement de vacances"},"content":{"rendered":"\n<div class=\"wp-block-image\"><figure class=\"aligncenter size-full\"><img loading=\"lazy\" decoding=\"async\" width=\"600\" height=\"800\" src=\"https:\/\/www.kornblume-potsdam.de\/wp-content\/uploads\/2020\/02\/Wohnzimmer-P1010145.png\" alt=\"Wohnzimmerfenster\" class=\"wp-image-324\" srcset=\"https:\/\/www.kornblume-potsdam.de\/wp-content\/uploads\/2020\/02\/Wohnzimmer-P1010145.png 600w, https:\/\/www.kornblume-potsdam.de\/wp-content\/uploads\/2020\/02\/Wohnzimmer-P1010145-225x300.png 225w, https:\/\/www.kornblume-potsdam.de\/wp-content\/uploads\/2020\/02\/Wohnzimmer-P1010145-150x200.png 150w, https:\/\/www.kornblume-potsdam.de\/wp-content\/uploads\/2020\/02\/Wohnzimmer-P1010145-450x600.png 450w\" sizes=\"auto, (max-width: 600px) 100vw, 600px\"><\/figure><\/div>\n\n\n\n<p>Situ\u00e9 au rez-de-chaus\u00ads\u00e9e de la mai\u00adson, l\u2019appartement a une super\u00adfi\u00adcie de 70&nbsp;m\u00b2. Il con\u00advi\u00adent au s\u00e9jour de deux \u00e0 quat\u00adre per\u00adson\u00adnes. Vous aime\u00adrez l\u2019ambiance a\u00e9r\u00e9e et spa\u00adcieu\u00adse qu\u2019offre une hauteur de pla\u00adfond de plus de 3&nbsp;m et appr\u00e9\u00adcie\u00adrez l\u2019abondante lumi\u00e8\u00adre que lais\u00adsent ent\u00adrer les gran\u00addes fen\u00eatres. Il s\u2019agit d\u2019un appar\u00adte\u00adment int\u00e9\u00adgra\u00adle\u00adment am\u00e9\u00adna\u00adg\u00e9 dans lequel il est aus\u00adsi pos\u00adsi\u00adble de viv\u00adre \u00e0 demeure.<\/p>\n\n\n\n<div class=\"wp-block-image\"><figure class=\"aligncenter size-full\"><img loading=\"lazy\" decoding=\"async\" width=\"600\" height=\"400\" src=\"https:\/\/www.kornblume-potsdam.de\/wp-content\/uploads\/2020\/02\/Wohnzimmer-P1010140.png\" alt=\"Wohnzimmer\" class=\"wp-image-325\" srcset=\"https:\/\/www.kornblume-potsdam.de\/wp-content\/uploads\/2020\/02\/Wohnzimmer-P1010140.png 600w, https:\/\/www.kornblume-potsdam.de\/wp-content\/uploads\/2020\/02\/Wohnzimmer-P1010140-300x200.png 300w, https:\/\/www.kornblume-potsdam.de\/wp-content\/uploads\/2020\/02\/Wohnzimmer-P1010140-200x133.png 200w\" sizes=\"auto, (max-width: 600px) 100vw, 600px\"><\/figure><\/div>\n\n\n\n<p>Le s\u00e9jour de 27&nbsp;m\u00b2 don\u00adne sur la rue (\u00e0 l\u2019est). Son sol est rev\u00eatu d\u2019un par\u00adquet en ch\u00ea\u00adne. Le con\u00adfor\u00adta\u00adble cana\u00adp\u00e9 3 places vous invi\u00adte \u00e0 vous rela\u00adxer devant la t\u00e9l\u00e9\u00advi\u00adsi\u00adon (82&nbsp;cm, r\u00e9cep\u00adti\u00adon satel\u00adli\u00adte)&nbsp;; un secr\u00e9\u00adtai\u00adre \u00e0 la fen\u00eat\u00adre et un coin lec\u00adtu\u00adre avec fau\u00adteuil et biblio\u00adt\u00adh\u00e8\u00adque per\u00admet\u00adtent \u00e0 cha\u00adcun de se reti\u00adrer \u00e0 sa&nbsp;guise.<\/p>\n\n\n\n<div class=\"wp-block-image\"><figure class=\"aligncenter size-full\"><img loading=\"lazy\" decoding=\"async\" width=\"600\" height=\"800\" src=\"https:\/\/www.kornblume-potsdam.de\/wp-content\/uploads\/2020\/02\/Schlafzimmer-P1010150.png\" alt=\"Schlafzimmer\" class=\"wp-image-327\" srcset=\"https:\/\/www.kornblume-potsdam.de\/wp-content\/uploads\/2020\/02\/Schlafzimmer-P1010150.png 600w, https:\/\/www.kornblume-potsdam.de\/wp-content\/uploads\/2020\/02\/Schlafzimmer-P1010150-225x300.png 225w, https:\/\/www.kornblume-potsdam.de\/wp-content\/uploads\/2020\/02\/Schlafzimmer-P1010150-150x200.png 150w, https:\/\/www.kornblume-potsdam.de\/wp-content\/uploads\/2020\/02\/Schlafzimmer-P1010150-450x600.png 450w\" sizes=\"auto, (max-width: 600px) 100vw, 600px\"><\/figure><\/div>\n\n\n\n<p>Ensol\u00adeill\u00e9e le matin, la chambre est situ\u00e9e \u00e0 c\u00f4t\u00e9 du salon et don\u00adne elle aus\u00adsi sur la rue. Le lit dou\u00adble (de 1,60&nbsp;m sur 2&nbsp;m) est \u00e9qui\u00adp\u00e9 d\u2019un mate\u00adlas con\u00adfor\u00adta\u00adble (degr\u00e9 de dure\u00adt\u00e9 3) pla\u00adc\u00e9 sur deux som\u00admiers \u00e0 lat\u00adtes s\u00e9pa\u00adr\u00e9s et de deux cou\u00adet\u00adtes distinc\u00adtes avec oreil\u00adlers. Il est acce\u00ads\u00adsi\u00adble d\u2019un seul c\u00f4t\u00e9 \u2013 la lar\u00adgeur de 2,30&nbsp;m de la chambre ne per\u00admet pas d\u2019autre solu\u00adti\u00adon. Une armoi\u00adre pour vos v\u00eate\u00adments ain\u00adsi qu\u2019une coif\u00adfeu\u00adse \u00e0 miro\u00adir pivo\u00adtant et un tabour\u00adet com\u00adpl\u00e8\u00adtent l\u2019ameublement.<\/p>\n\n\n\n<div class=\"wp-block-image\"><figure class=\"aligncenter size-full\"><img loading=\"lazy\" decoding=\"async\" width=\"600\" height=\"450\" src=\"https:\/\/www.kornblume-potsdam.de\/wp-content\/uploads\/2020\/02\/Schlafzimmer-IMG_0746.png\" alt=\"Schlafzimmer-Doppelbett\" class=\"wp-image-610\" srcset=\"https:\/\/www.kornblume-potsdam.de\/wp-content\/uploads\/2020\/02\/Schlafzimmer-IMG_0746.png 600w, https:\/\/www.kornblume-potsdam.de\/wp-content\/uploads\/2020\/02\/Schlafzimmer-IMG_0746-300x225.png 300w, https:\/\/www.kornblume-potsdam.de\/wp-content\/uploads\/2020\/02\/Schlafzimmer-IMG_0746-200x150.png 200w\" sizes=\"auto, (max-width: 600px) 100vw, 600px\"><\/figure><\/div>\n\n\n\n<p>Le cana\u00adp\u00e9 con\u00adver\u00adti\u00adble du salon off\u00adre un couchage sup\u00adp\u00adl\u00e9\u00admen\u00adtai\u00adre de 1,40&nbsp;m sur 2&nbsp;m si beso\u00adin. Sur deman\u00adde, un lit de voya\u00adge pour b\u00e9b\u00e9 (60&nbsp;cm \u00e0 1,20&nbsp;m) est four\u00adni gra\u00adtui\u00adte\u00adment. Tou\u00adtes les fen\u00eatres don\u00adnant sur la rue sont \u00e9qui\u00adp\u00e9es de stores opa\u00adques et de rideaux obscurcissants.<\/p>\n\n\n\n<div class=\"wp-block-image\"><figure class=\"aligncenter size-full\"><img loading=\"lazy\" decoding=\"async\" width=\"600\" height=\"450\" src=\"https:\/\/www.kornblume-potsdam.de\/wp-content\/uploads\/2020\/02\/K\u00fcche-P1010164.png\" alt=\"K\u00fcche\" class=\"wp-image-326\" srcset=\"https:\/\/www.kornblume-potsdam.de\/wp-content\/uploads\/2020\/02\/K\u00fcche-P1010164.png 600w, https:\/\/www.kornblume-potsdam.de\/wp-content\/uploads\/2020\/02\/K\u00fcche-P1010164-300x225.png 300w, https:\/\/www.kornblume-potsdam.de\/wp-content\/uploads\/2020\/02\/K\u00fcche-P1010164-200x150.png 200w\" sizes=\"auto, (max-width: 600px) 100vw, 600px\"><\/figure><\/div>\n\n\n\n<p>La cui\u00adsine, enti\u00e8\u00adre\u00adment \u00e9qui\u00adp\u00e9e, com\u00adpor\u00adte cui\u00adsini\u00e8\u00adre, four et lave-vais\u00adsel\u00adle. La com\u00adbi\u00adnai\u00adson r\u00e9f\u00adri\u00adg\u00e9\u00adra\u00adteur-con\u00adg\u00e9\u00adla\u00adteur off\u00adre suf\u00adfi\u00adsam\u00adment d\u2019espace pour tout ce qui doit \u00eatre stock\u00e9 au frais. C\u00f4t\u00e9 petit \u00e9lec\u00adtro\u00adm\u00e9\u00adna\u00adger, vous dis\u00adpo\u00adsez d\u2019une cafe\u00adti\u00e8\u00adre filt\u00adre, d\u2019une bouil\u00adloire \u00e9lec\u00adtri\u00adque et d\u2019un gril\u00adle-pain. Cas\u00adse\u00adro\u00adles, po\u00ea\u00adles et vais\u00adsel\u00adle sont \u00e9ga\u00adle\u00adment \u00e0 vot\u00adre dis\u00adpo\u00adsi\u00adti\u00adon en quan\u00adti\u00adt\u00e9 suf\u00adfi\u00adsan\u00adte pour cui\u00adsi\u00adner, si vous le d\u00e9si\u00adrez, les pro\u00adduits frais du mar\u00adch\u00e9 voi\u00adsin, qui se tient tous les jours en semaine. La machi\u00adne \u00e0 laver (\u00e0 char\u00adge\u00adment par le haut dans la salle de bains) ain\u00adsi que la plan\u00adche et le fer \u00e0 repass\u00ader \u00e9qui\u00adpant l\u2019appartement vous assu\u00adrent l\u2019autonomie sou\u00adhai\u00adta\u00adble pour un s\u00e9jour plus&nbsp;long.<\/p>\n\n\n\n<div class=\"wp-block-image\"><figure class=\"aligncenter size-full\"><img loading=\"lazy\" decoding=\"async\" width=\"600\" height=\"450\" src=\"https:\/\/www.kornblume-potsdam.de\/wp-content\/uploads\/2020\/02\/Badezimmer-P1010167.png\" alt=\"Badezimmer\" class=\"wp-image-328\" srcset=\"https:\/\/www.kornblume-potsdam.de\/wp-content\/uploads\/2020\/02\/Badezimmer-P1010167.png 600w, https:\/\/www.kornblume-potsdam.de\/wp-content\/uploads\/2020\/02\/Badezimmer-P1010167-300x225.png 300w, https:\/\/www.kornblume-potsdam.de\/wp-content\/uploads\/2020\/02\/Badezimmer-P1010167-200x150.png 200w\" sizes=\"auto, (max-width: 600px) 100vw, 600px\"><\/figure><\/div>\n\n\n\n<p>La salle de bains com\u00adpor\u00adte un lav\u00adabo, un WC et une dou\u00adche au niveau du sol avec cloi\u00adson en ver\u00adre, dou\u00adche de t\u00eate et dou\u00adche \u00e0 main s\u00e9pa\u00adr\u00e9e. La salle de bains re\u00e7oit la lumi\u00e8\u00adre du jour par une gran\u00adde fen\u00eat\u00adre aux car\u00adreaux sati\u00adn\u00e9s qui don\u00adne sur la&nbsp;cour.<\/p>\n\n\n\n<div class=\"wp-block-image\"><figure class=\"aligncenter size-full\"><img loading=\"lazy\" decoding=\"async\" width=\"600\" height=\"800\" src=\"https:\/\/www.kornblume-potsdam.de\/wp-content\/uploads\/2020\/02\/Badezimmer-P1010173.png\" alt=\"Badezimmer\" class=\"wp-image-365\" srcset=\"https:\/\/www.kornblume-potsdam.de\/wp-content\/uploads\/2020\/02\/Badezimmer-P1010173.png 600w, https:\/\/www.kornblume-potsdam.de\/wp-content\/uploads\/2020\/02\/Badezimmer-P1010173-225x300.png 225w, https:\/\/www.kornblume-potsdam.de\/wp-content\/uploads\/2020\/02\/Badezimmer-P1010173-150x200.png 150w, https:\/\/www.kornblume-potsdam.de\/wp-content\/uploads\/2020\/02\/Badezimmer-P1010173-450x600.png 450w\" sizes=\"auto, (max-width: 600px) 100vw, 600px\"><\/figure><\/div>\n\n\n\n<p>L\u2019appartement pos\u00ads\u00e8\u00adde un  acc\u00e8s Wi-Fi que vous pou\u00advez uti\u00adli\u00adser sous r\u00e9ser\u00adve de respec\u00adter les r\u00e8gles habi\u00adtu\u00adel\u00adles (con\u00addi\u00adti\u00adons d\u2019utilisation du Wi-Fi dans le cont\u00adrat de location).<\/p>\n\n\n\n<p>Vous avez la pos\u00adsi\u00adbi\u00adli\u00adt\u00e9 de char\u00adger et d\u00e9char\u00adger vot\u00adre voitu\u00adre devant la mai\u00adson. Pour tout sta\u00adti\u00adon\u00adne\u00adment plus long, je vous recom\u00adman\u00adde le par\u00adking \u00e0 pro\u00adxi\u00admi\u00adt\u00e9 imm\u00e9\u00addia\u00adte (\u00e0 30&nbsp;m en tra\u00adversant le car\u00adre\u00adfour en obli\u00adque). Dans l\u2019ensemble du cent\u00adre-ville, il est entre\u00adtemps n\u00e9ces\u00adsaire de payer un ticket de par\u00adking (2 euros l\u2019heure) ou de pos\u00ads\u00e9\u00adder une car\u00adte de r\u00e9si\u00addent pour pou\u00advoir stationner.<\/p>\n\n\n\n<p> Il est inter\u00addit de fumer et de fai\u00adre p\u00e9n\u00e9\u00adtrer des ani\u00admaux dome\u00adsti\u00adques dans tou\u00adte la mai\u00adson. La cour ne fait pas par\u00adtie de l\u2019appartement de vacances.<\/p>\n\n\n\n<p>Ce descrip\u00adtif vous a don\u00adn\u00e9 envie de pas\u00adser vos vacan\u00adces ici ? Alors, <a href=\"https:\/\/www.kornblume-potsdam.de\/fr\/buchung\">r\u00e9ser\u00advez vot\u00adre s\u00e9jour<\/a><a href=\"https:\/\/www.kornblume-potsdam.de#buchungsformular\">.<\/a><\/p>\n\n\n\n<p>Tex\u00adte et pho\u00adtos \u00a9 2021 Ernst Eimer. Tou\u00adte repro\u00adduc\u00adtion est interdite.<\/p>\n","protected":false},"excerpt":{"rendered":"<p>Situ\u00e9 au rez-de-chaus\u00ads\u00e9e de la mai\u00adson, l\u2019appartement a une super\u00adfi\u00adcie de 70&nbsp;m\u00b2. Il con\u00advi\u00adent au s\u00e9jour de deux \u00e0 quat\u00adre per\u00adson\u00adnes. Vous aime\u00adrez l\u2019ambiance a\u00e9r\u00e9e et spa\u00adcieu\u00adse qu\u2019offre une hauteur de pla\u00adfond de plus de 3&nbsp;m et appr\u00e9\u00adcie\u00adrez l\u2019abondante lumi\u00e8\u00adre que lais\u00adsent ent\u00adrer les gran\u00addes fen\u00eatres. Il s\u2019agit d\u2019un appar\u00adte\u00adment int\u00e9\u00adgra\u00adle\u00adment am\u00e9\u00adna\u00adg\u00e9 dans lequel il\u2026<\/p>\n","protected":false},"author":1,"featured_media":0,"parent":0,"menu_order":0,"comment_status":"closed","ping_status":"closed","template":"","meta":{"wp_typography_post_enhancements_disabled":false,"footnotes":""},"class_list":["post-19","page","type-page","status-publish","hentry"],"_links":{"self":[{"href":"https:\/\/www.kornblume-potsdam.de\/fr\/wp-json\/wp\/v2\/pages\/19","targetHints":{"allow":["GET"]}}],"collection":[{"href":"https:\/\/www.kornblume-potsdam.de\/fr\/wp-json\/wp\/v2\/pages"}],"about":[{"href":"https:\/\/www.kornblume-potsdam.de\/fr\/wp-json\/wp\/v2\/types\/page"}],"author":[{"embeddable":true,"href":"https:\/\/www.kornblume-potsdam.de\/fr\/wp-json\/wp\/v2\/users\/1"}],"replies":[{"embeddable":true,"href":"https:\/\/www.kornblume-potsdam.de\/fr\/wp-json\/wp\/v2\/comments?post=19"}],"version-history":[{"count":32,"href":"https:\/\/www.kornblume-potsdam.de\/fr\/wp-json\/wp\/v2\/pages\/19\/revisions"}],"predecessor-version":[{"id":969,"href":"https:\/\/www.kornblume-potsdam.de\/fr\/wp-json\/wp\/v2\/pages\/19\/revisions\/969"}],"wp:attachment":[{"href":"https:\/\/www.kornblume-potsdam.de\/fr\/wp-json\/wp\/v2\/media?parent=19"}],"curies":[{"name":"wp","href":"https:\/\/api.w.org\/{rel}","templated":true}]}}